{"id":224724,"date":"2026-05-06T13:42:35","date_gmt":"2026-05-06T11:42:35","guid":{"rendered":"https:\/\/margusapartmany.sk\/where-to-go-nearby"},"modified":"2026-05-06T14:19:48","modified_gmt":"2026-05-06T12:19:48","slug":"where-to-go-nearby","status":"publish","type":"page","link":"https:\/\/margusapartmany.sk\/en\/where-to-go-nearby","title":{"rendered":"Where to go nearby"},"content":{"rendered":"<p>[et_pb_section fb_built=&#8221;1&#8243; _builder_version=&#8221;4.27.4&#8243; _module_preset=&#8221;default&#8221; use_background_color_gradient=&#8221;on&#8221; background_color_gradient_stops=&#8221;rgba(0,0,0,0.4) 0%|rgba(0,0,0,0.4) 100%&#8221; background_color_gradient_overlays_image=&#8221;on&#8221; background_color_gradient_start=&#8221;rgba(0,0,0,0.4)&#8221; background_color_gradient_end=&#8221;rgba(0,0,0,0.4)&#8221; background_image=&#8221;https:\/\/margusapartmany.sk\/wp-content\/uploads\/2026\/02\/336120064.jpg&#8221; custom_margin=&#8221;-180px||||false|false&#8221; custom_margin_tablet=&#8221;-200px||||false|false&#8221; custom_margin_phone=&#8221;&#8221; custom_margin_last_edited=&#8221;on|phone&#8221; custom_padding=&#8221;80px||50px||false|false&#8221; hover_enabled=&#8221;0&#8243; locked=&#8221;off&#8221; global_colors_info=&#8221;{}&#8221; theme_builder_area=&#8221;post_content&#8221; title_text=&#8221;336120064&#8243; sticky_enabled=&#8221;0&#8243;][et_pb_row _builder_version=&#8221;4.16&#8243; _module_preset=&#8221;default&#8221; custom_padding=&#8221;||||false|false&#8221; global_colors_info=&#8221;{}&#8221; theme_builder_area=&#8221;post_content&#8221;][et_pb_column type=&#8221;4_4&#8243; _builder_version=&#8221;4.16&#8243; _module_preset=&#8221;default&#8221; global_colors_info=&#8221;{}&#8221; theme_builder_area=&#8221;post_content&#8221;][et_pb_text _builder_version=&#8221;4.16&#8243; _module_preset=&#8221;default&#8221; text_font=&#8221;|300|||||||&#8221; text_text_color=&#8221;#FFFFFF&#8221; text_font_size=&#8221;2vw&#8221; text_line_height=&#8221;1.5em&#8221; header_font=&#8221;Playfair Display|600||on|||||&#8221; header_text_color=&#8221;#FFFFFF&#8221; header_font_size=&#8221;4vw&#8221; header_line_height=&#8221;1.1em&#8221; header_2_font=&#8221;Playfair Display|600||on|||||&#8221; header_2_font_size=&#8221;4vw&#8221; header_2_line_height=&#8221;1.1em&#8221; header_3_font=&#8221;Playfair Display|600||on|||||&#8221; header_3_font_size=&#8221;4vw&#8221; header_3_line_height=&#8221;1.1em&#8221; header_4_font=&#8221;Playfair Display|600||on|||||&#8221; header_4_font_size=&#8221;4vw&#8221; header_4_line_height=&#8221;1.1em&#8221; header_5_font=&#8221;Playfair Display|600||on|||||&#8221; header_5_font_size=&#8221;4vw&#8221; header_5_line_height=&#8221;1.1em&#8221; header_6_font=&#8221;Playfair Display|600||on|||||&#8221; header_6_font_size=&#8221;4vw&#8221; header_6_line_height=&#8221;1.1em&#8221; text_orientation=&#8221;center&#8221; custom_margin=&#8221;100px||||false|false&#8221; custom_padding=&#8221;||||false|false&#8221; text_font_size_tablet=&#8221;4vw&#8221; text_font_size_phone=&#8221;6vw&#8221; text_font_size_last_edited=&#8221;on|phone&#8221; header_font_tablet=&#8221;&#8221; header_font_phone=&#8221;&#8221; header_font_last_edited=&#8221;on|tablet&#8221; header_font_size_tablet=&#8221;7vw&#8221; header_font_size_phone=&#8221;8vw&#8221; header_font_size_last_edited=&#8221;on|tablet&#8221; header_2_font_tablet=&#8221;&#8221; header_2_font_phone=&#8221;&#8221; header_2_font_last_edited=&#8221;on|tablet&#8221; header_2_font_size_tablet=&#8221;7vw&#8221; header_2_font_size_phone=&#8221;8vw&#8221; header_2_font_size_last_edited=&#8221;on|tablet&#8221; header_3_font_tablet=&#8221;&#8221; header_3_font_phone=&#8221;&#8221; header_3_font_last_edited=&#8221;on|tablet&#8221; header_3_font_size_tablet=&#8221;7vw&#8221; header_3_font_size_phone=&#8221;8vw&#8221; header_3_font_size_last_edited=&#8221;on|tablet&#8221; header_4_font_tablet=&#8221;&#8221; header_4_font_phone=&#8221;&#8221; header_4_font_last_edited=&#8221;on|tablet&#8221; header_4_font_size_tablet=&#8221;7vw&#8221; header_4_font_size_phone=&#8221;8vw&#8221; header_4_font_size_last_edited=&#8221;on|tablet&#8221; header_5_font_tablet=&#8221;&#8221; header_5_font_phone=&#8221;&#8221; header_5_font_last_edited=&#8221;on|tablet&#8221; header_5_font_size_tablet=&#8221;7vw&#8221; header_5_font_size_phone=&#8221;8vw&#8221; header_5_font_size_last_edited=&#8221;on|tablet&#8221; header_6_font_tablet=&#8221;&#8221; header_6_font_phone=&#8221;&#8221; header_6_font_last_edited=&#8221;on|tablet&#8221; header_6_font_size_tablet=&#8221;7vw&#8221; header_6_font_size_phone=&#8221;8vw&#8221; header_6_font_size_last_edited=&#8221;on|tablet&#8221; global_colors_info=&#8221;{}&#8221; theme_builder_area=&#8221;post_content&#8221;]<\/p>\n<h1><span>Where to go nearby<\/span><\/h1>\n<p>[\/et_pb_text][et_pb_divider color=&#8221;#e9a081&#8243; divider_position=&#8221;center&#8221; divider_weight=&#8221;3px&#8221; _builder_version=&#8221;4.16&#8243; _module_preset=&#8221;default&#8221; width=&#8221;15%&#8221; width_tablet=&#8221;&#8221; width_phone=&#8221;40%&#8221; width_last_edited=&#8221;on|phone&#8221; module_alignment=&#8221;center&#8221; custom_margin=&#8221;-20px||||false|false&#8221; custom_padding=&#8221;||||false|false&#8221; global_colors_info=&#8221;{}&#8221; width__hover_enabled=&#8221;on|hover&#8221; width__hover=&#8221;20%&#8221; theme_builder_area=&#8221;post_content&#8221;][\/et_pb_divider][\/et_pb_column][\/et_pb_row][\/et_pb_section][et_pb_section fb_built=&#8221;1&#8243; _builder_version=&#8221;4.27.4&#8243; _module_preset=&#8221;default&#8221; global_colors_info=&#8221;{}&#8221; theme_builder_area=&#8221;post_content&#8221;][et_pb_row _builder_version=&#8221;4.27.4&#8243; _module_preset=&#8221;default&#8221; max_width=&#8221;1280px&#8221; hover_enabled=&#8221;0&#8243; global_colors_info=&#8221;{}&#8221; theme_builder_area=&#8221;post_content&#8221; sticky_enabled=&#8221;0&#8243;][et_pb_column type=&#8221;4_4&#8243; _builder_version=&#8221;4.27.4&#8243; _module_preset=&#8221;default&#8221; global_colors_info=&#8221;{}&#8221; theme_builder_area=&#8221;post_content&#8221;][et_pb_divider color=&#8221;#e9a081&#8243; divider_position=&#8221;center&#8221; divider_weight=&#8221;3px&#8221; _builder_version=&#8221;4.16&#8243; _module_preset=&#8221;default&#8221; width=&#8221;20%&#8221; custom_padding=&#8221;1vw||||false|false&#8221; global_colors_info=&#8221;{}&#8221; width__hover=&#8221;30%&#8221; width__hover_enabled=&#8221;on|hover&#8221; theme_builder_area=&#8221;post_content&#8221;][\/et_pb_divider][et_pb_text _builder_version=&#8221;4.16&#8243; _module_preset=&#8221;default&#8221; header_2_font=&#8221;Playfair Display|||on|||||&#8221; header_2_font_size=&#8221;4vh&#8221; header_2_line_height=&#8221;1.2em&#8221; custom_margin=&#8221;-20px||||false|false&#8221; header_2_font_size_tablet=&#8221;6vw&#8221; header_2_font_size_phone=&#8221;8vw&#8221; header_2_font_size_last_edited=&#8221;on|phone&#8221; global_colors_info=&#8221;{}&#8221; theme_builder_area=&#8221;post_content&#8221;]<\/p>\n<h2><span>\ud83c\udfd4\ufe0f Where to go nearby? | Trip tips <\/span><\/h2>\n<p>[\/et_pb_text][et_pb_text _builder_version=&#8221;4.16&#8243; _module_preset=&#8221;default&#8221; text_font=&#8221;|300|||||||&#8221; text_text_color=&#8221;#6d6d6d&#8221; text_font_size=&#8221;18px&#8221; text_line_height=&#8221;1.6em&#8221; text_font_size_tablet=&#8221;2.5vw&#8221; text_font_size_phone=&#8221;4.5vw&#8221; text_font_size_last_edited=&#8221;on|phone&#8221; global_colors_info=&#8221;{}&#8221; theme_builder_area=&#8221;post_content&#8221;]<\/p>\n<div class=\"title p-3 p-md-4\">\n<p data-path-to-node=\"4\">Make the most of your stay with us. Whether you are looking for adrenaline in gorges, a touch of history in museums, or complete relaxation in thermal water, from Margus Apartments everything is just a short trip away. <\/p>\n<hr data-path-to-node=\"5\">\n<h3 data-path-to-node=\"6\">Slovak Astronomical Clock (Star\u00e1 Bystrica)<\/h3>\n<p data-path-to-node=\"7\">Visit <b data-path-to-node=\"7\" data-index-in-node=\"10\">the most accurate and the only astronomical clock in Slovakia<\/b>. In addition to telling the time, it also shows the position of the moon and the sun. The square in Star\u00e1 Bystrica also has a unique atmosphere with beautiful architecture.  <\/p>\n<ul data-path-to-node=\"8\">\n<li>\n<p data-path-to-node=\"8,0,0\"><b data-path-to-node=\"8,0,0\" data-index-in-node=\"0\">Distance:<\/b> approx. 20 minutes by car.<\/p>\n<\/li>\n<li>\n<p data-path-to-node=\"8,1,0\"><b data-path-to-node=\"8,1,0\" data-index-in-node=\"0\">Tip:<\/b> Try to plan your trip for the top of the hour, when the Promenade of the Seven Apostles begins.<\/p>\n<\/li>\n<\/ul>\n<hr data-path-to-node=\"9\">\n<h3 data-path-to-node=\"10\">J\u00e1no\u0161\u00edk\u2019s Holes (Terchov\u00e1)<\/h3>\n<p data-path-to-node=\"11\">One of the most beautiful hiking trails in Slovakia. A series of ladders, footbridges, and waterfalls awaits you in the heart of Mal\u00e1 Fatra. The route through Doln\u00e9 diery is also suitable for families with children.  <\/p>\n<ul data-path-to-node=\"12\">\n<li>\n<p data-path-to-node=\"12,0,0\"><b data-path-to-node=\"12,0,0\" data-index-in-node=\"0\">Distance:<\/b> approx. 35 minutes by car.<\/p>\n<\/li>\n<li>\n<p data-path-to-node=\"12,1,0\"><b data-path-to-node=\"12,1,0\" data-index-in-node=\"0\">Difficulty:<\/b> From easy walks to moderately challenging hiking.<\/p>\n<\/li>\n<\/ul>\n<hr data-path-to-node=\"13\">\n<h3 data-path-to-node=\"14\">Vychylovka Open-Air Museum &amp; Historic Railway<\/h3>\n<p data-path-to-node=\"15\">Step back in time at the Museum of the Kysuce Village. A unique highlight is the <b data-path-to-node=\"15\" data-index-in-node=\"54\">Historic Forest Switchback Railway<\/b>, which overcomes a large elevation gain using switchbacks \u2013 a world-class technical rarity. <\/p>\n<ul data-path-to-node=\"16\">\n<li>\n<p data-path-to-node=\"16,0,0\"><b data-path-to-node=\"16,0,0\" data-index-in-node=\"0\">Distance:<\/b> approx. 25 minutes by car.<\/p>\n<\/li>\n<li>\n<p data-path-to-node=\"16,1,0\"><b data-path-to-node=\"16,1,0\" data-index-in-node=\"0\">Attraction:<\/b> Do not miss a train ride through the forest!<\/p>\n<\/li>\n<\/ul>\n<hr data-path-to-node=\"17\">\n<h3 data-path-to-node=\"18\">Tri-border Point (\u010cierne)<\/h3>\n<p data-path-to-node=\"19\">A place where the borders of <b data-path-to-node=\"19\" data-index-in-node=\"45\">Slovakia, the Czech Republic, and Poland<\/b> meet at a single point. It is a symbolic meeting place of cultures, with a pleasant area to relax and cycling routes that will take you through three countries within a few minutes. <\/p>\n<ul data-path-to-node=\"20\">\n<li>\n<p data-path-to-node=\"20,0,0\"><b data-path-to-node=\"20,0,0\" data-index-in-node=\"0\">Distance:<\/b> approx. 15 minutes by car.<\/p>\n<\/li>\n<\/ul>\n<hr data-path-to-node=\"21\">\n<h3 data-path-to-node=\"22\">Troj\u00e1k \u2013 Skalit\u00e9<\/h3>\n<p data-path-to-node=\"23\">For lovers of views, we recommend Troj\u00e1k Hill in the village of Skalit\u00e9. You will find a modern <b data-path-to-node=\"23\" data-index-in-node=\"82\">viewing tower and a bench with panoramic views<\/b> of the Kysuce Beskids. It is an ideal spot for an easy walk and beautiful photos.  <\/p>\n<ul data-path-to-node=\"24\">\n<li>\n<p data-path-to-node=\"24,0,0\"><b data-path-to-node=\"24,0,0\" data-index-in-node=\"0\">Distance:<\/b> approx. 15 minutes by car.<\/p>\n<\/li>\n<\/ul>\n<hr data-path-to-node=\"25\">\n<h3 data-path-to-node=\"26\">Rajeck\u00e9 Teplice Thermal Spa<\/h3>\n<p data-path-to-node=\"27\">After a day full of hiking, you deserve royal relaxation. The Aphrodite Spa in Rajeck\u00e9 Teplice is known for its antique architecture and healing thermal water that will perfectly regenerate your body. <\/p>\n<ul data-path-to-node=\"28\">\n<li>\n<p data-path-to-node=\"28,0,0\"><b data-path-to-node=\"28,0,0\" data-index-in-node=\"0\">Distance:<\/b> approx. 45 minutes by car.<\/p>\n<\/li>\n<li>\n<p data-path-to-node=\"28,1,0\"><b data-path-to-node=\"28,1,0\" data-index-in-node=\"0\">Focus:<\/b> Wellness, sauna world, and thermal pools.<\/p>\n<\/li>\n<\/ul>\n<\/div>\n<p>[\/et_pb_text][\/et_pb_column][\/et_pb_row][et_pb_row _builder_version=&#8221;4.27.4&#8243; _module_preset=&#8221;default&#8221; global_colors_info=&#8221;{}&#8221; theme_builder_area=&#8221;post_content&#8221;][et_pb_column type=&#8221;4_4&#8243; _builder_version=&#8221;4.27.4&#8243; _module_preset=&#8221;default&#8221; global_colors_info=&#8221;{}&#8221; theme_builder_area=&#8221;post_content&#8221;][et_pb_button button_url=&#8221;https:\/\/margusapartmany.sk\/rezervacia&#8221; button_text=&#8221;I want to experience all of this \u2013 Book a stay \u2192&#8221; button_alignment=&#8221;left&#8221; _builder_version=&#8221;4.27.4&#8243; _module_preset=&#8221;default&#8221; custom_button=&#8221;on&#8221; button_text_size=&#8221;2vh&#8221; button_text_color=&#8221;#000000&#8243; button_bg_color=&#8221;rgba(255,255,255,0)&#8221; button_border_color=&#8221;#e9a081&#8243; button_border_radius=&#8221;1px&#8221; button_letter_spacing=&#8221;2px&#8221; button_font=&#8221;Roboto|||on|||||&#8221; button_use_icon=&#8221;off&#8221; custom_padding=&#8221;20px|60px|20px|60px|true|true&#8221; custom_padding_tablet=&#8221;&#8221; custom_padding_phone=&#8221;20px|40px|20px|40px|true|true&#8221; custom_padding_last_edited=&#8221;on|phone&#8221; hover_enabled=&#8221;0&#8243; button_text_size_tablet=&#8221;3vw&#8221; button_text_size_phone=&#8221;5vw&#8221; button_text_size_last_edited=&#8221;on|desktop&#8221; global_colors_info=&#8221;{}&#8221; button_bg_color__hover_enabled=&#8221;on|hover&#8221; button_text_size__hover_enabled=&#8221;on|desktop&#8221; button_text_color__hover_enabled=&#8221;on|desktop&#8221; button_bg_color__hover=&#8221;#e9a081&#8243; button_bg_enable_color__hover=&#8221;on&#8221; button_text_color__hover=&#8221;#FFFFFF&#8221; button_text_size__hover=&#8221;2vh&#8221; theme_builder_area=&#8221;post_content&#8221; sticky_enabled=&#8221;0&#8243;][\/et_pb_button][\/et_pb_column][\/et_pb_row][\/et_pb_section][et_pb_section fb_built=&#8221;1&#8243; _builder_version=&#8221;4.27.4&#8243; _module_preset=&#8221;default&#8221; global_colors_info=&#8221;{}&#8221; theme_builder_area=&#8221;post_content&#8221;][et_pb_row column_structure=&#8221;3_5,2_5&#8243; use_custom_gutter=&#8221;on&#8221; gutter_width=&#8221;1&#8243; make_equal=&#8221;on&#8221; _builder_version=&#8221;4.27.4&#8243; _module_preset=&#8221;default&#8221; width=&#8221;100%&#8221; max_width=&#8221;100%&#8221; custom_padding=&#8221;0px||0px|||&#8221; global_colors_info=&#8221;{}&#8221; theme_builder_area=&#8221;post_content&#8221;][et_pb_column type=&#8221;3_5&#8243; _builder_version=&#8221;4.27.4&#8243; _module_preset=&#8221;default&#8221; use_background_color_gradient=&#8221;on&#8221; background_color_gradient_stops=&#8221;rgba(0,0,0,0.2) 0%|rgba(0,0,0,0.2) 100%&#8221; background_color_gradient_overlays_image=&#8221;on&#8221; background_color_gradient_start=&#8221;rgba(0,0,0,0.2)&#8221; background_color_gradient_end=&#8221;rgba(0,0,0,0.2)&#8221; background_image=&#8221;https:\/\/margusapartmany.sk\/wp-content\/uploads\/2026\/04\/Kuch.7-1.jpg&#8221; border_width_all=&#8221;5px&#8221; border_color_all=&#8221;#FFFFFF&#8221; border_width_right_tablet=&#8221;10px&#8221; border_width_right_phone=&#8221;&#8221; border_width_right_last_edited=&#8221;on|phone&#8221; border_width_left_tablet=&#8221;10px&#8221; border_width_left_phone=&#8221;&#8221; border_width_left_last_edited=&#8221;on|tablet&#8221; global_colors_info=&#8221;{}&#8221; background__hover_enabled=&#8221;on|hover&#8221; background_color_gradient_start__hover=&#8221;rgba(0,0,0,0.4)&#8221; use_background_color_gradient__hover=&#8221;on&#8221; background_color_gradient_end__hover=&#8221;rgba(0,0,0,0.4)&#8221; background_color_gradient_stops__hover=&#8221;rgba(0,0,0,0.4) 0%|rgba(0,0,0,0.4) 100%&#8221; theme_builder_area=&#8221;post_content&#8221;][et_pb_text _builder_version=&#8221;4.27.4&#8243; _module_preset=&#8221;default&#8221; text_font=&#8221;Playfair Display|700|||||||&#8221; text_text_color=&#8221;#FFFFFF&#8221; text_font_size=&#8221;4vh&#8221; text_line_height=&#8221;1.1em&#8221; custom_padding=&#8221;600px|60px|100px|60px|false|true&#8221; global_colors_info=&#8221;{}&#8221; theme_builder_area=&#8221;post_content&#8221;]<\/p>\n<p>Our cosy rooms will warmly welcome you<\/p>\n<p>[\/et_pb_text][\/et_pb_column][et_pb_column type=&#8221;2_5&#8243; _builder_version=&#8221;4.27.4&#8243; _module_preset=&#8221;default&#8221; use_background_color_gradient=&#8221;on&#8221; background_color_gradient_stops=&#8221;rgba(0,0,0,0.2) 0%|rgba(0,0,0,0.2) 100%&#8221; background_color_gradient_overlays_image=&#8221;on&#8221; background_color_gradient_start=&#8221;rgba(0,0,0,0.2)&#8221; background_color_gradient_end=&#8221;rgba(0,0,0,0.2)&#8221; background_image=&#8221;https:\/\/margusapartmany.sk\/wp-content\/uploads\/2026\/04\/Izba9-3.jpg&#8221; border_width_all=&#8221;5px&#8221; border_color_all=&#8221;#FFFFFF&#8221; border_width_right_tablet=&#8221;10px&#8221; border_width_right_phone=&#8221;&#8221; border_width_right_last_edited=&#8221;on|phone&#8221; border_width_left_tablet=&#8221;10px&#8221; border_width_left_phone=&#8221;10px&#8221; border_width_left_last_edited=&#8221;on|tablet&#8221; global_colors_info=&#8221;{}&#8221; background__hover_enabled=&#8221;on|hover&#8221; background_color_gradient_start__hover=&#8221;rgba(0,0,0,0.4)&#8221; use_background_color_gradient__hover=&#8221;on&#8221; background_color_gradient_stops__hover=&#8221;rgba(0,0,0,0.4) 0%|rgba(0,0,0,0.2) 100%&#8221; theme_builder_area=&#8221;post_content&#8221;][et_pb_text _builder_version=&#8221;4.27.4&#8243; _module_preset=&#8221;default&#8221; text_font=&#8221;Playfair Display|700|||||||&#8221; text_text_color=&#8221;#FFFFFF&#8221; text_font_size=&#8221;4vh&#8221; text_line_height=&#8221;1.1em&#8221; custom_padding=&#8221;600px|60px|100px|60px|false|true&#8221; global_colors_info=&#8221;{}&#8221; theme_builder_area=&#8221;post_content&#8221;]<\/p>\n<p>You will feel at home with us<\/p>\n<p>[\/et_pb_text][\/et_pb_column][\/et_pb_row][\/et_pb_section]<\/p>\n","protected":false},"excerpt":{"rendered":"<p>Where to go nearby\ud83c\udfd4\ufe0f Where to go nearby? | Trip tips Make the most of your stay with us. Whether you are looking for adrenaline in gorges, a touch of history in museums, or complete relaxation in thermal water, from Margus Apartments everything is just a short trip away. Slovak Astronomical Clock (Star\u00e1 Bystrica) Visit the most accurate and the only astronomical clock in Slovakia. In addition to telling the time, it also shows the position of the moon and the sun. The square in Star\u00e1 Bystrica also has a unique atmosphere with beautiful architecture. Distance: approx. 20 minutes by car. Tip: Try to plan your trip for the top of the hour, when the Promenade of the Seven Apostles begins. J\u00e1no\u0161\u00edk\u2019s Holes (Terchov\u00e1) One of the most beautiful hiking trails in Slovakia. A series of ladders, footbridges, and waterfalls awaits you in the heart of Mal\u00e1 Fatra. The route through Doln\u00e9 diery is also suitable for families with children. Distance: approx. 35 minutes by car. Difficulty: From easy walks to moderately challenging hiking. Vychylovka Open-Air Museum &amp; Historic Railway Step back in time at the Museum of the Kysuce Village. A unique highlight is the Historic Forest Switchback Railway, [&hellip;]<\/p>\n","protected":false},"author":1,"featured_media":224725,"parent":0,"menu_order":0,"comment_status":"closed","ping_status":"closed","template":"","meta":{"_et_pb_use_builder":"on","_et_pb_old_content":"","_et_gb_content_width":"","footnotes":""},"class_list":["post-224724","page","type-page","status-publish","has-post-thumbnail","hentry"],"_links":{"self":[{"href":"https:\/\/margusapartmany.sk\/en\/wp-json\/wp\/v2\/pages\/224724","targetHints":{"allow":["GET"]}}],"collection":[{"href":"https:\/\/margusapartmany.sk\/en\/wp-json\/wp\/v2\/pages"}],"about":[{"href":"https:\/\/margusapartmany.sk\/en\/wp-json\/wp\/v2\/types\/page"}],"author":[{"embeddable":true,"href":"https:\/\/margusapartmany.sk\/en\/wp-json\/wp\/v2\/users\/1"}],"replies":[{"embeddable":true,"href":"https:\/\/margusapartmany.sk\/en\/wp-json\/wp\/v2\/comments?post=224724"}],"version-history":[{"count":1,"href":"https:\/\/margusapartmany.sk\/en\/wp-json\/wp\/v2\/pages\/224724\/revisions"}],"predecessor-version":[{"id":224729,"href":"https:\/\/margusapartmany.sk\/en\/wp-json\/wp\/v2\/pages\/224724\/revisions\/224729"}],"wp:featuredmedia":[{"embeddable":true,"href":"https:\/\/margusapartmany.sk\/en\/wp-json\/wp\/v2\/media\/224725"}],"wp:attachment":[{"href":"https:\/\/margusapartmany.sk\/en\/wp-json\/wp\/v2\/media?parent=224724"}],"curies":[{"name":"wp","href":"https:\/\/api.w.org\/{rel}","templated":true}]}}